{"id":2422,"date":"2025-05-29T09:32:53","date_gmt":"2025-05-29T07:32:53","guid":{"rendered":"https:\/\/idlatinia.com\/?page_id=2422"},"modified":"2025-12-08T09:56:33","modified_gmt":"2025-12-08T08:56:33","slug":"aviso-legal","status":"publish","type":"page","link":"https:\/\/idlatinia.com\/en\/aviso-legal\/","title":{"rendered":"Legal Notice"},"content":{"rendered":"<p><strong>Esta p\u00e1gina Web es propiedad de INTERIOR ESTUDIO 9, S.L.<\/strong> con CIF B93044345 y domicilio en <strong>PLAYAS DEL DUQUE CASA GRANADA LOCAL 1D MARBELLA 29660<\/strong>, e inscrita en el Registro Mercantil de  MALAGA con los siguientes datos en el tomo 4726 libro 3634 folio 160 hoja MA-104129 inscripci\u00f3n 1\u00ba.<\/p>\n\n\n\n<p>Para cualquier consulta o propuesta, cont\u00e1ctenos en el e-mail: <a href=\"mailto:info@idlatinia.com\">info@idlatinia.com<\/a><\/p>\n\n\n\n<p>Esta p\u00e1gina Web se rige por la normativa exclusivamente aplicable en Espa\u00f1a, quedando sometida a ella, tanto nacionales como extranjeros que utilicen esta Web.<\/p>\n\n\n\n<p>El acceso a nuestra p\u00e1gina Web por parte del USUARIO es gratuito y est\u00e1 condicionado a la previa lectura y aceptaci\u00f3n \u00edntegra, expresa y sin reservas de las presentes <strong>CONDICIONES GENERALES DE USO<\/strong> vigentes en el momento del acceso, que rogamos lea detenidamente. El USUARIO, en el momento que utiliza nuestro portal, sus contenidos o servicios, acepta y se somete expresamente a las condiciones generales de uso del mismo. Si el usuario no estuviere de acuerdo con las presentes condiciones de uso, deber\u00e1 abstenerse de utilizar este portal y operar por medio del mismo.<\/p>\n\n\n\n<p>En cualquier momento podremos modificar la presentaci\u00f3n y configuraci\u00f3n de nuestra Web, ampliar o reducir servicios, e incluso suprimirla de la Red, as\u00ed como los servicios y contenidos prestados, todo ello de forma unilateral y sin previo aviso.<\/p>\n\n\n\n<h3 class=\"wp-block-heading\">A. PROPIEDAD INTELECTUAL<\/h3>\n\n\n\n<p>Todos los contenidos, textos, im\u00e1genes, marcas y c\u00f3digos fuente son de nuestra propiedad o de terceros a los que se han adquirido sus derechos de explotaci\u00f3n, y est\u00e1n protegidos por los derechos de Propiedad Intelectual e Industrial.<\/p>\n\n\n\n<p>El usuario \u00fanicamente tiene derecho a un uso privado de los mismos, sin \u00e1nimo de lucro, y necesita autorizaci\u00f3n expresa para modificarlos, reproducirlos, explotarlos, distribuirlos o ejercer cualquier derecho perteneciente a su titular.<\/p>\n\n\n\n<h3 class=\"wp-block-heading\">B. CONDICIONES DE ACCESO<\/h3>\n\n\n\n<p>El acceso a nuestra p\u00e1gina Web es gratuito y no exige previa suscripci\u00f3n o registro.<\/p>\n\n\n\n<p>El env\u00edo de datos personales implica la aceptaci\u00f3n expresa por parte del USUARIO de nuestra pol\u00edtica de privacidad.<\/p>\n\n\n\n<p>El usuario debe acceder a nuestra p\u00e1gina Web conforme a la buena fe, las normas de orden p\u00fablico y a las presentes Condiciones Generales de uso. El acceso a nuestro sitio Web se realiza bajo la propia y exclusiva responsabilidad del usuario, que responder\u00e1 en todo caso de los da\u00f1os y perjuicios que pueda causar a terceros o a nosotros mismos.<\/p>\n\n\n\n<p>Teniendo en cuenta la imposibilidad de control respecto a la informaci\u00f3n, contenidos y servicios que contengan otras p\u00e1ginas web a los que se pueda acceder a trav\u00e9s de los enlaces que nuestra p\u00e1gina web pueda poner a su disposici\u00f3n, le comunicamos que quedamos eximidos de cualquier responsabilidad por los da\u00f1os y perjuicios de toda clase que pudiesen derivar por la utilizaci\u00f3n de esas p\u00e1ginas web, ajenas a nuestra empresa, por parte del usuario.<\/p>","protected":false},"excerpt":{"rendered":"<p>Esta p\u00e1gina Web es propiedad de INTERIOR ESTUDIO 9, S.L. con CIF B93044345 y domicilio en PLAYAS DEL DUQUE CASA GRANADA LOCAL 1D MARBELLA 29660, e inscrita en el Registro Mercantil de MALAGA con los siguientes datos en el tomo 4726 libro 3634 folio 160 hoja MA-104129 inscripci\u00f3n 1\u00ba. Para cualquier consulta o propuesta, cont\u00e1ctenos [&hellip;]<\/p>\n","protected":false},"author":2,"featured_media":0,"parent":0,"menu_order":0,"comment_status":"closed","ping_status":"closed","template":"","meta":{"_acf_changed":false,"_kad_blocks_custom_css":"","_kad_blocks_head_custom_js":"","_kad_blocks_body_custom_js":"","_kad_blocks_footer_custom_js":"","footnotes":""},"class_list":["post-2422","page","type-page","status-publish","hentry"],"acf":[],"yoast_head":"<!-- This site is optimized with the Yoast SEO plugin v27.5 - https:\/\/yoast.com\/product\/yoast-seo-wordpress\/ -->\n<title>Aviso Legal - IdLatinia<\/title>\n<meta name=\"robots\" content=\"index, follow, max-snippet:-1, max-image-preview:large, max-video-preview:-1\" \/>\n<link rel=\"canonical\" href=\"https:\/\/idlatinia.com\/en\/aviso-legal\/\" \/>\n<meta property=\"og:locale\" content=\"en_US\" \/>\n<meta property=\"og:type\" content=\"article\" \/>\n<meta property=\"og:title\" content=\"Aviso Legal - IdLatinia\" \/>\n<meta property=\"og:description\" content=\"Esta p\u00e1gina Web es propiedad de INTERIOR ESTUDIO 9, S.L. con CIF B93044345 y domicilio en PLAYAS DEL DUQUE CASA GRANADA LOCAL 1D MARBELLA 29660, e inscrita en el Registro Mercantil de MALAGA con los siguientes datos en el tomo 4726 libro 3634 folio 160 hoja MA-104129 inscripci\u00f3n 1\u00ba. Para cualquier consulta o propuesta, cont\u00e1ctenos [&hellip;]\" \/>\n<meta property=\"og:url\" content=\"https:\/\/idlatinia.com\/en\/aviso-legal\/\" \/>\n<meta property=\"og:site_name\" content=\"IdLatinia\" \/>\n<meta property=\"article:publisher\" content=\"https:\/\/www.facebook.com\/IDLatinia\/\" \/>\n<meta property=\"article:modified_time\" content=\"2025-12-08T08:56:33+00:00\" \/>\n<meta name=\"twitter:card\" content=\"summary_large_image\" \/>\n<meta name=\"twitter:label1\" content=\"Est. reading time\" \/>\n\t<meta name=\"twitter:data1\" content=\"2 minutes\" \/>\n<script type=\"application\/ld+json\" class=\"yoast-schema-graph\">{\"@context\":\"https:\\\/\\\/schema.org\",\"@graph\":[{\"@type\":\"WebPage\",\"@id\":\"https:\\\/\\\/idlatinia.com\\\/aviso-legal\\\/\",\"url\":\"https:\\\/\\\/idlatinia.com\\\/aviso-legal\\\/\",\"name\":\"Aviso Legal - IdLatinia\",\"isPartOf\":{\"@id\":\"https:\\\/\\\/idlatinia.com\\\/#website\"},\"datePublished\":\"2025-05-29T07:32:53+00:00\",\"dateModified\":\"2025-12-08T08:56:33+00:00\",\"breadcrumb\":{\"@id\":\"https:\\\/\\\/idlatinia.com\\\/aviso-legal\\\/#breadcrumb\"},\"inLanguage\":\"en-US\",\"potentialAction\":[{\"@type\":\"ReadAction\",\"target\":[\"https:\\\/\\\/idlatinia.com\\\/aviso-legal\\\/\"]}]},{\"@type\":\"BreadcrumbList\",\"@id\":\"https:\\\/\\\/idlatinia.com\\\/aviso-legal\\\/#breadcrumb\",\"itemListElement\":[{\"@type\":\"ListItem\",\"position\":1,\"name\":\"Portada\",\"item\":\"https:\\\/\\\/idlatinia.com\\\/\"},{\"@type\":\"ListItem\",\"position\":2,\"name\":\"Aviso Legal\"}]},{\"@type\":\"WebSite\",\"@id\":\"https:\\\/\\\/idlatinia.com\\\/#website\",\"url\":\"https:\\\/\\\/idlatinia.com\\\/\",\"name\":\"IdLatinia\",\"description\":\"Interior Designers Marbella\",\"publisher\":{\"@id\":\"https:\\\/\\\/idlatinia.com\\\/#organization\"},\"potentialAction\":[{\"@type\":\"SearchAction\",\"target\":{\"@type\":\"EntryPoint\",\"urlTemplate\":\"https:\\\/\\\/idlatinia.com\\\/?s={search_term_string}\"},\"query-input\":{\"@type\":\"PropertyValueSpecification\",\"valueRequired\":true,\"valueName\":\"search_term_string\"}}],\"inLanguage\":\"en-US\"},{\"@type\":\"Organization\",\"@id\":\"https:\\\/\\\/idlatinia.com\\\/#organization\",\"name\":\"IdLatinia\",\"url\":\"https:\\\/\\\/idlatinia.com\\\/\",\"logo\":{\"@type\":\"ImageObject\",\"inLanguage\":\"en-US\",\"@id\":\"https:\\\/\\\/idlatinia.com\\\/#\\\/schema\\\/logo\\\/image\\\/\",\"url\":\"https:\\\/\\\/idlatinia.com\\\/wp-content\\\/uploads\\\/id-latinia-logo-gris-ok-2.webp\",\"contentUrl\":\"https:\\\/\\\/idlatinia.com\\\/wp-content\\\/uploads\\\/id-latinia-logo-gris-ok-2.webp\",\"width\":360,\"height\":165,\"caption\":\"IdLatinia\"},\"image\":{\"@id\":\"https:\\\/\\\/idlatinia.com\\\/#\\\/schema\\\/logo\\\/image\\\/\"},\"sameAs\":[\"https:\\\/\\\/www.facebook.com\\\/IDLatinia\\\/\",\"https:\\\/\\\/www.instagram.com\\\/idlatinia\\\/\"]}]}<\/script>\n<!-- \/ Yoast SEO plugin. -->","yoast_head_json":{"title":"Aviso Legal - IdLatinia","robots":{"index":"index","follow":"follow","max-snippet":"max-snippet:-1","max-image-preview":"max-image-preview:large","max-video-preview":"max-video-preview:-1"},"canonical":"https:\/\/idlatinia.com\/en\/aviso-legal\/","og_locale":"en_US","og_type":"article","og_title":"Aviso Legal - IdLatinia","og_description":"Esta p\u00e1gina Web es propiedad de INTERIOR ESTUDIO 9, S.L. con CIF B93044345 y domicilio en PLAYAS DEL DUQUE CASA GRANADA LOCAL 1D MARBELLA 29660, e inscrita en el Registro Mercantil de MALAGA con los siguientes datos en el tomo 4726 libro 3634 folio 160 hoja MA-104129 inscripci\u00f3n 1\u00ba. Para cualquier consulta o propuesta, cont\u00e1ctenos [&hellip;]","og_url":"https:\/\/idlatinia.com\/en\/aviso-legal\/","og_site_name":"IdLatinia","article_publisher":"https:\/\/www.facebook.com\/IDLatinia\/","article_modified_time":"2025-12-08T08:56:33+00:00","twitter_card":"summary_large_image","twitter_misc":{"Est. reading time":"2 minutes"},"schema":{"@context":"https:\/\/schema.org","@graph":[{"@type":"WebPage","@id":"https:\/\/idlatinia.com\/aviso-legal\/","url":"https:\/\/idlatinia.com\/aviso-legal\/","name":"Aviso Legal - IdLatinia","isPartOf":{"@id":"https:\/\/idlatinia.com\/#website"},"datePublished":"2025-05-29T07:32:53+00:00","dateModified":"2025-12-08T08:56:33+00:00","breadcrumb":{"@id":"https:\/\/idlatinia.com\/aviso-legal\/#breadcrumb"},"inLanguage":"en-US","potentialAction":[{"@type":"ReadAction","target":["https:\/\/idlatinia.com\/aviso-legal\/"]}]},{"@type":"BreadcrumbList","@id":"https:\/\/idlatinia.com\/aviso-legal\/#breadcrumb","itemListElement":[{"@type":"ListItem","position":1,"name":"Portada","item":"https:\/\/idlatinia.com\/"},{"@type":"ListItem","position":2,"name":"Aviso Legal"}]},{"@type":"WebSite","@id":"https:\/\/idlatinia.com\/#website","url":"https:\/\/idlatinia.com\/","name":"IdLatinia","description":"Interior Designers Marbella","publisher":{"@id":"https:\/\/idlatinia.com\/#organization"},"potentialAction":[{"@type":"SearchAction","target":{"@type":"EntryPoint","urlTemplate":"https:\/\/idlatinia.com\/?s={search_term_string}"},"query-input":{"@type":"PropertyValueSpecification","valueRequired":true,"valueName":"search_term_string"}}],"inLanguage":"en-US"},{"@type":"Organization","@id":"https:\/\/idlatinia.com\/#organization","name":"IdLatinia","url":"https:\/\/idlatinia.com\/","logo":{"@type":"ImageObject","inLanguage":"en-US","@id":"https:\/\/idlatinia.com\/#\/schema\/logo\/image\/","url":"https:\/\/idlatinia.com\/wp-content\/uploads\/id-latinia-logo-gris-ok-2.webp","contentUrl":"https:\/\/idlatinia.com\/wp-content\/uploads\/id-latinia-logo-gris-ok-2.webp","width":360,"height":165,"caption":"IdLatinia"},"image":{"@id":"https:\/\/idlatinia.com\/#\/schema\/logo\/image\/"},"sameAs":["https:\/\/www.facebook.com\/IDLatinia\/","https:\/\/www.instagram.com\/idlatinia\/"]}]}},"taxonomy_info":[],"featured_image_src_large":false,"author_info":{"display_name":"web","author_link":"https:\/\/idlatinia.com\/en\/author\/web\/"},"comment_info":0,"_links":{"self":[{"href":"https:\/\/idlatinia.com\/en\/wp-json\/wp\/v2\/pages\/2422","targetHints":{"allow":["GET"]}}],"collection":[{"href":"https:\/\/idlatinia.com\/en\/wp-json\/wp\/v2\/pages"}],"about":[{"href":"https:\/\/idlatinia.com\/en\/wp-json\/wp\/v2\/types\/page"}],"author":[{"embeddable":true,"href":"https:\/\/idlatinia.com\/en\/wp-json\/wp\/v2\/users\/2"}],"replies":[{"embeddable":true,"href":"https:\/\/idlatinia.com\/en\/wp-json\/wp\/v2\/comments?post=2422"}],"version-history":[{"count":0,"href":"https:\/\/idlatinia.com\/en\/wp-json\/wp\/v2\/pages\/2422\/revisions"}],"wp:attachment":[{"href":"https:\/\/idlatinia.com\/en\/wp-json\/wp\/v2\/media?parent=2422"}],"curies":[{"name":"wp","href":"https:\/\/api.w.org\/{rel}","templated":true}]}}