{"id":3,"date":"2025-03-31T19:13:11","date_gmt":"2025-03-31T17:13:11","guid":{"rendered":"https:\/\/idlatinia.com\/?page_id=3"},"modified":"2025-12-08T09:56:34","modified_gmt":"2025-12-08T08:56:34","slug":"politica-privacidad","status":"publish","type":"page","link":"https:\/\/idlatinia.com\/en\/politica-privacidad\/","title":{"rendered":"Privacy Policy"},"content":{"rendered":"<p>La confidencialidad y la seguridad son valores primordiales de <strong>INTERIOR ESTUDIO 9, S.L.<\/strong> y, en consecuencia, asumimos el compromiso de garantizar la privacidad del Usuario en todo momento y de no recabar informaci\u00f3n innecesaria.<\/p>\n\n\n\n<p>A continuaci\u00f3n, le proporcionamos toda la informaci\u00f3n necesaria sobre nuestra <strong>Pol\u00edtica de Privacidad<\/strong> en relaci\u00f3n con los datos personales que recabamos, explic\u00e1ndole:<\/p>\n\n\n\n<ul class=\"wp-block-list\">\n<li>Qui\u00e9n es el responsable del tratamiento de sus datos.<\/li>\n\n\n\n<li>Para qu\u00e9 finalidades recabamos los datos que le solicitamos.<\/li>\n\n\n\n<li>Cu\u00e1l es la legitimaci\u00f3n para su tratamiento.<\/li>\n\n\n\n<li>Durante cu\u00e1nto tiempo los conservamos.<\/li>\n\n\n\n<li>A qu\u00e9 destinatarios se comunican sus datos.<\/li>\n\n\n\n<li>Cu\u00e1les son sus derechos.<\/li>\n<\/ul>\n\n\n\n<h3 class=\"wp-block-heading\">1. RESPONSABLE<\/h3>\n\n\n\n<p>Ver datos en el encabezamiento.<\/p>\n\n\n\n<h3 class=\"wp-block-heading\">2. FINALIDADES, LEGITIMACI\u00d3N Y CONSERVACI\u00d3N<\/h3>\n\n\n\n<h4 class=\"wp-block-heading\">Formulario de Contacto<\/h4>\n\n\n\n<p><strong>Purpose:<\/strong> Facilitarle un medio para que pueda ponerse en contacto con nosotros y contestar a sus solicitudes de informaci\u00f3n, as\u00ed como enviarle comunicaciones de nuestros productos, servicios y actividades, inclusive por medios electr\u00f3nicos (correo electr\u00f3nico), si marca la casilla de aceptaci\u00f3n.<\/p>\n\n\n\n<p><strong>Legitimation:<\/strong> El consentimiento del usuario al solicitarnos informaci\u00f3n a trav\u00e9s de nuestro formulario de contacto y al marcar la casilla de aceptaci\u00f3n de env\u00edo de informaci\u00f3n.<\/p>\n\n\n\n<p><strong>Conservaci\u00f3n:<\/strong> Una vez resuelta su solicitud por medio de nuestro formulario o contestada por correo electr\u00f3nico, si no ha generado un nuevo tratamiento, y en caso de haber aceptado recibir env\u00edos comerciales, hasta que solicite la baja de los mismos.<\/p>\n\n\n\n<h4 class=\"wp-block-heading\">Env\u00edo de correos electr\u00f3nicos<\/h4>\n\n\n\n<p><strong>Purpose:<\/strong> Contestar a sus solicitudes de informaci\u00f3n, atender sus peticiones y responder sus consultas o dudas. En caso de recibir su Curr\u00edculum Vitae, sus datos personales y curriculares podr\u00e1n formar parte de nuestras bases de datos para participar en nuestros procesos de selecci\u00f3n presentes y futuros.<\/p>\n\n\n\n<p><strong>Legitimation:<\/strong> El consentimiento del usuario al solicitarnos informaci\u00f3n a trav\u00e9s de la direcci\u00f3n de correo electr\u00f3nico o enviarnos sus datos y CV para participar en nuestros procesos de selecci\u00f3n.<\/p>\n\n\n\n<p><strong>Conservaci\u00f3n:<\/strong> Una vez contestada su petici\u00f3n por correo electr\u00f3nico, si no ha generado un nuevo tratamiento. En el caso de recibir su CV, sus datos podr\u00e1n ser conservados durante un m\u00e1ximo de un a\u00f1o para futuros procesos de selecci\u00f3n.<\/p>\n\n\n\n<h4 class=\"wp-block-heading\">Obligaci\u00f3n de facilitarnos sus datos personales y consecuencias de no hacerlo<\/h4>\n\n\n\n<p>El suministro de datos personales requiere una edad m\u00ednima de 14 a\u00f1os, o en su caso, disponer de capacidad jur\u00eddica suficiente para contratar.<\/p>\n\n\n\n<p>Los datos personales solicitados son necesarios para gestionar sus solicitudes, darle de alta como usuario y\/o prestarle los servicios que pueda contratar. Si no nos los facilita, no podremos atenderle correctamente ni prestarle el servicio solicitado.<\/p>\n\n\n\n<p>Nos reservamos el derecho de decidir sobre la incorporaci\u00f3n o no de sus datos personales y dem\u00e1s informaci\u00f3n a nuestras bases de datos.<\/p>\n\n\n\n<h3 class=\"wp-block-heading\">3. DESTINATARIOS DE SUS DATOS<\/h3>\n\n\n\n<p>Sus datos son confidenciales y no se ceder\u00e1n a terceros, salvo que exista obligaci\u00f3n legal.<\/p>\n\n\n\n<h3 class=\"wp-block-heading\">4. DERECHOS EN RELACI\u00d3N CON SUS DATOS PERSONALES<\/h3>\n\n\n\n<p>Cualquier persona puede retirar su consentimiento en cualquier momento, cuando el mismo se haya otorgado para el tratamiento de sus datos. En ning\u00fan caso, la retirada de este consentimiento condiciona la ejecuci\u00f3n del contrato de suscripci\u00f3n o las relaciones generadas con anterioridad.<\/p>\n\n\n\n<p>Igualmente, puede ejercer los siguientes derechos:<\/p>\n\n\n\n<ul class=\"wp-block-list\">\n<li>Solicitar el acceso a sus datos personales o su rectificaci\u00f3n cuando sean inexactos.<\/li>\n\n\n\n<li>Solicitar su supresi\u00f3n cuando, entre otros motivos, los datos ya no sean necesarios para los fines para los que fueron recogidos.<\/li>\n\n\n\n<li>Solicitar la limitaci\u00f3n de su tratamiento en determinadas circunstancias.<\/li>\n\n\n\n<li>Oponerse al tratamiento de sus datos por motivos relacionados con su situaci\u00f3n particular.<\/li>\n\n\n\n<li>Solicitar la portabilidad de los datos en los casos previstos en la normativa.<\/li>\n\n\n\n<li>Otros derechos reconocidos en las normativas aplicables.<\/li>\n<\/ul>\n\n\n\n<p><strong>D\u00f3nde y c\u00f3mo solicitar sus derechos:<\/strong> Mediante un escrito dirigido al responsable a su direcci\u00f3n postal o electr\u00f3nica (indicadas en el apartado A), indicando la referencia \u201cDatos Personales\u201d, especificando el derecho que desea ejercer y respecto a qu\u00e9 datos personales.<\/p>\n\n\n\n<p>En caso de divergencias con la empresa en relaci\u00f3n con el tratamiento de sus datos, puede presentar una reclamaci\u00f3n ante la Agencia Espa\u00f1ola de Protecci\u00f3n de Datos: <a href=\"https:\/\/www.agpd.es\" target=\"_blank\" rel=\"noreferrer noopener\">www.agpd.es<\/a>.<\/p>\n\n\n\n<h3 class=\"wp-block-heading\">5. SEGURIDAD DE SUS DATOS PERSONALES<\/h3>\n\n\n\n<p>Con el objetivo de salvaguardar la seguridad de sus datos personales, hemos adoptado todas las medidas de \u00edndole t\u00e9cnica y organizativa necesarias para garantizar la protecci\u00f3n frente a su alteraci\u00f3n, p\u00e9rdida, y tratamientos o accesos no autorizados.<\/p>\n\n\n\n<h3 class=\"wp-block-heading\">6. ACTUALIZACI\u00d3N DE SUS DATOS<\/h3>\n\n\n\n<p>Para mantener sus datos personales actualizados, es importante que nos informe de cualquier modificaci\u00f3n. En caso contrario, no podemos responsabilizarnos de su veracidad.<\/p>\n\n\n\n<p>No nos hacemos responsables de la pol\u00edtica de privacidad respecto a los datos personales que pueda facilitar a terceros por medio de los enlaces disponibles en nuestra p\u00e1gina web.<\/p>\n\n\n\n<p>La presente Pol\u00edtica de Privacidad puede ser modificada para adaptarse a cambios en nuestra web o a modificaciones legislativas o jurisprudenciales, por lo que se recomienda su lectura cada vez que nos facilite sus datos a trav\u00e9s de esta Web.<\/p>\n\n\n\n<h3 class=\"wp-block-heading\">D. RESPONSABILIDADES<\/h3>\n\n\n\n<p>Al poner a disposici\u00f3n del usuario esta p\u00e1gina Web, queremos ofrecer un servicio de calidad, utilizando la m\u00e1xima diligencia en la prestaci\u00f3n del mismo, as\u00ed como en los medios tecnol\u00f3gicos utilizados. No obstante, no respondemos de la presencia de virus u otros elementos que puedan da\u00f1ar el sistema inform\u00e1tico del usuario.<\/p>\n\n\n\n<p>No garantizamos que la disponibilidad del servicio sea continua e ininterrumpida.<\/p>\n\n\n\n<p>El USUARIO tiene prohibido cualquier tipo de acci\u00f3n sobre nuestro portal que origine una sobrecarga excesiva en nuestros sistemas inform\u00e1ticos, as\u00ed como la introducci\u00f3n de virus, instalaci\u00f3n de robots o software que altere el normal funcionamiento de la web, o que en definitiva pueda causar da\u00f1os a nuestros sistemas.<\/p>\n\n\n\n<p>El USUARIO asume toda la responsabilidad derivada del uso de nuestra p\u00e1gina web.<\/p>\n\n\n\n<p>El USUARIO reconoce haber entendido toda la informaci\u00f3n respecto a las condiciones de uso de nuestro portal, y reconoce que son suficientes para la exclusi\u00f3n del error en las mismas, acept\u00e1ndolas \u00edntegra y expresamente.<\/p>","protected":false},"excerpt":{"rendered":"<p>La confidencialidad y la seguridad son valores primordiales de INTERIOR ESTUDIO 9, S.L. y, en consecuencia, asumimos el compromiso de garantizar la privacidad del Usuario en todo momento y de no recabar informaci\u00f3n innecesaria. A continuaci\u00f3n, le proporcionamos toda la informaci\u00f3n necesaria sobre nuestra Pol\u00edtica de Privacidad en relaci\u00f3n con los datos personales que recabamos, [&hellip;]<\/p>\n","protected":false},"author":2,"featured_media":0,"parent":0,"menu_order":0,"comment_status":"closed","ping_status":"open","template":"","meta":{"_acf_changed":false,"_kad_blocks_custom_css":"","_kad_blocks_head_custom_js":"","_kad_blocks_body_custom_js":"","_kad_blocks_footer_custom_js":"","footnotes":""},"class_list":["post-3","page","type-page","status-publish","hentry"],"acf":[],"yoast_head":"<!-- This site is optimized with the Yoast SEO plugin v27.5 - https:\/\/yoast.com\/product\/yoast-seo-wordpress\/ -->\n<title>Pol\u00edtica de privacidad - IdLatinia<\/title>\n<meta name=\"robots\" content=\"index, follow, max-snippet:-1, max-image-preview:large, max-video-preview:-1\" \/>\n<link rel=\"canonical\" href=\"https:\/\/idlatinia.com\/en\/politica-privacidad\/\" \/>\n<meta property=\"og:locale\" content=\"en_US\" \/>\n<meta property=\"og:type\" content=\"article\" \/>\n<meta property=\"og:title\" content=\"Pol\u00edtica de privacidad - IdLatinia\" \/>\n<meta property=\"og:description\" content=\"La confidencialidad y la seguridad son valores primordiales de INTERIOR ESTUDIO 9, S.L. y, en consecuencia, asumimos el compromiso de garantizar la privacidad del Usuario en todo momento y de no recabar informaci\u00f3n innecesaria. A continuaci\u00f3n, le proporcionamos toda la informaci\u00f3n necesaria sobre nuestra Pol\u00edtica de Privacidad en relaci\u00f3n con los datos personales que recabamos, [&hellip;]\" \/>\n<meta property=\"og:url\" content=\"https:\/\/idlatinia.com\/en\/politica-privacidad\/\" \/>\n<meta property=\"og:site_name\" content=\"IdLatinia\" \/>\n<meta property=\"article:publisher\" content=\"https:\/\/www.facebook.com\/IDLatinia\/\" \/>\n<meta property=\"article:modified_time\" content=\"2025-12-08T08:56:34+00:00\" \/>\n<meta name=\"twitter:card\" content=\"summary_large_image\" \/>\n<meta name=\"twitter:label1\" content=\"Est. reading time\" \/>\n\t<meta name=\"twitter:data1\" content=\"5 minutes\" \/>\n<script type=\"application\/ld+json\" class=\"yoast-schema-graph\">{\"@context\":\"https:\\\/\\\/schema.org\",\"@graph\":[{\"@type\":\"WebPage\",\"@id\":\"https:\\\/\\\/idlatinia.com\\\/politica-privacidad\\\/\",\"url\":\"https:\\\/\\\/idlatinia.com\\\/politica-privacidad\\\/\",\"name\":\"Pol\u00edtica de privacidad - IdLatinia\",\"isPartOf\":{\"@id\":\"https:\\\/\\\/idlatinia.com\\\/#website\"},\"datePublished\":\"2025-03-31T17:13:11+00:00\",\"dateModified\":\"2025-12-08T08:56:34+00:00\",\"breadcrumb\":{\"@id\":\"https:\\\/\\\/idlatinia.com\\\/politica-privacidad\\\/#breadcrumb\"},\"inLanguage\":\"en-US\",\"potentialAction\":[{\"@type\":\"ReadAction\",\"target\":[\"https:\\\/\\\/idlatinia.com\\\/politica-privacidad\\\/\"]}]},{\"@type\":\"BreadcrumbList\",\"@id\":\"https:\\\/\\\/idlatinia.com\\\/politica-privacidad\\\/#breadcrumb\",\"itemListElement\":[{\"@type\":\"ListItem\",\"position\":1,\"name\":\"Portada\",\"item\":\"https:\\\/\\\/idlatinia.com\\\/\"},{\"@type\":\"ListItem\",\"position\":2,\"name\":\"Pol\u00edtica de privacidad\"}]},{\"@type\":\"WebSite\",\"@id\":\"https:\\\/\\\/idlatinia.com\\\/#website\",\"url\":\"https:\\\/\\\/idlatinia.com\\\/\",\"name\":\"IdLatinia\",\"description\":\"Interior Designers Marbella\",\"publisher\":{\"@id\":\"https:\\\/\\\/idlatinia.com\\\/#organization\"},\"potentialAction\":[{\"@type\":\"SearchAction\",\"target\":{\"@type\":\"EntryPoint\",\"urlTemplate\":\"https:\\\/\\\/idlatinia.com\\\/?s={search_term_string}\"},\"query-input\":{\"@type\":\"PropertyValueSpecification\",\"valueRequired\":true,\"valueName\":\"search_term_string\"}}],\"inLanguage\":\"en-US\"},{\"@type\":\"Organization\",\"@id\":\"https:\\\/\\\/idlatinia.com\\\/#organization\",\"name\":\"IdLatinia\",\"url\":\"https:\\\/\\\/idlatinia.com\\\/\",\"logo\":{\"@type\":\"ImageObject\",\"inLanguage\":\"en-US\",\"@id\":\"https:\\\/\\\/idlatinia.com\\\/#\\\/schema\\\/logo\\\/image\\\/\",\"url\":\"https:\\\/\\\/idlatinia.com\\\/wp-content\\\/uploads\\\/id-latinia-logo-gris-ok-2.webp\",\"contentUrl\":\"https:\\\/\\\/idlatinia.com\\\/wp-content\\\/uploads\\\/id-latinia-logo-gris-ok-2.webp\",\"width\":360,\"height\":165,\"caption\":\"IdLatinia\"},\"image\":{\"@id\":\"https:\\\/\\\/idlatinia.com\\\/#\\\/schema\\\/logo\\\/image\\\/\"},\"sameAs\":[\"https:\\\/\\\/www.facebook.com\\\/IDLatinia\\\/\",\"https:\\\/\\\/www.instagram.com\\\/idlatinia\\\/\"]}]}<\/script>\n<!-- \/ Yoast SEO plugin. -->","yoast_head_json":{"title":"Pol\u00edtica de privacidad - IdLatinia","robots":{"index":"index","follow":"follow","max-snippet":"max-snippet:-1","max-image-preview":"max-image-preview:large","max-video-preview":"max-video-preview:-1"},"canonical":"https:\/\/idlatinia.com\/en\/politica-privacidad\/","og_locale":"en_US","og_type":"article","og_title":"Pol\u00edtica de privacidad - IdLatinia","og_description":"La confidencialidad y la seguridad son valores primordiales de INTERIOR ESTUDIO 9, S.L. y, en consecuencia, asumimos el compromiso de garantizar la privacidad del Usuario en todo momento y de no recabar informaci\u00f3n innecesaria. A continuaci\u00f3n, le proporcionamos toda la informaci\u00f3n necesaria sobre nuestra Pol\u00edtica de Privacidad en relaci\u00f3n con los datos personales que recabamos, [&hellip;]","og_url":"https:\/\/idlatinia.com\/en\/politica-privacidad\/","og_site_name":"IdLatinia","article_publisher":"https:\/\/www.facebook.com\/IDLatinia\/","article_modified_time":"2025-12-08T08:56:34+00:00","twitter_card":"summary_large_image","twitter_misc":{"Est. reading time":"5 minutes"},"schema":{"@context":"https:\/\/schema.org","@graph":[{"@type":"WebPage","@id":"https:\/\/idlatinia.com\/politica-privacidad\/","url":"https:\/\/idlatinia.com\/politica-privacidad\/","name":"Pol\u00edtica de privacidad - IdLatinia","isPartOf":{"@id":"https:\/\/idlatinia.com\/#website"},"datePublished":"2025-03-31T17:13:11+00:00","dateModified":"2025-12-08T08:56:34+00:00","breadcrumb":{"@id":"https:\/\/idlatinia.com\/politica-privacidad\/#breadcrumb"},"inLanguage":"en-US","potentialAction":[{"@type":"ReadAction","target":["https:\/\/idlatinia.com\/politica-privacidad\/"]}]},{"@type":"BreadcrumbList","@id":"https:\/\/idlatinia.com\/politica-privacidad\/#breadcrumb","itemListElement":[{"@type":"ListItem","position":1,"name":"Portada","item":"https:\/\/idlatinia.com\/"},{"@type":"ListItem","position":2,"name":"Pol\u00edtica de privacidad"}]},{"@type":"WebSite","@id":"https:\/\/idlatinia.com\/#website","url":"https:\/\/idlatinia.com\/","name":"IdLatinia","description":"Interior Designers Marbella","publisher":{"@id":"https:\/\/idlatinia.com\/#organization"},"potentialAction":[{"@type":"SearchAction","target":{"@type":"EntryPoint","urlTemplate":"https:\/\/idlatinia.com\/?s={search_term_string}"},"query-input":{"@type":"PropertyValueSpecification","valueRequired":true,"valueName":"search_term_string"}}],"inLanguage":"en-US"},{"@type":"Organization","@id":"https:\/\/idlatinia.com\/#organization","name":"IdLatinia","url":"https:\/\/idlatinia.com\/","logo":{"@type":"ImageObject","inLanguage":"en-US","@id":"https:\/\/idlatinia.com\/#\/schema\/logo\/image\/","url":"https:\/\/idlatinia.com\/wp-content\/uploads\/id-latinia-logo-gris-ok-2.webp","contentUrl":"https:\/\/idlatinia.com\/wp-content\/uploads\/id-latinia-logo-gris-ok-2.webp","width":360,"height":165,"caption":"IdLatinia"},"image":{"@id":"https:\/\/idlatinia.com\/#\/schema\/logo\/image\/"},"sameAs":["https:\/\/www.facebook.com\/IDLatinia\/","https:\/\/www.instagram.com\/idlatinia\/"]}]}},"taxonomy_info":[],"featured_image_src_large":false,"author_info":{"display_name":"web","author_link":"https:\/\/idlatinia.com\/en\/author\/web\/"},"comment_info":0,"_links":{"self":[{"href":"https:\/\/idlatinia.com\/en\/wp-json\/wp\/v2\/pages\/3","targetHints":{"allow":["GET"]}}],"collection":[{"href":"https:\/\/idlatinia.com\/en\/wp-json\/wp\/v2\/pages"}],"about":[{"href":"https:\/\/idlatinia.com\/en\/wp-json\/wp\/v2\/types\/page"}],"author":[{"embeddable":true,"href":"https:\/\/idlatinia.com\/en\/wp-json\/wp\/v2\/users\/2"}],"replies":[{"embeddable":true,"href":"https:\/\/idlatinia.com\/en\/wp-json\/wp\/v2\/comments?post=3"}],"version-history":[{"count":0,"href":"https:\/\/idlatinia.com\/en\/wp-json\/wp\/v2\/pages\/3\/revisions"}],"wp:attachment":[{"href":"https:\/\/idlatinia.com\/en\/wp-json\/wp\/v2\/media?parent=3"}],"curies":[{"name":"wp","href":"https:\/\/api.w.org\/{rel}","templated":true}]}}